{"id":126,"date":"2014-04-16T10:48:08","date_gmt":"2014-04-16T08:48:08","guid":{"rendered":"http:\/\/www.sv-gutsche.at\/?page_id=126"},"modified":"2014-06-25T14:26:05","modified_gmt":"2014-06-25T12:26:05","slug":"geruch","status":"publish","type":"page","link":"http:\/\/www.sv-gutsche.at\/?page_id=126","title":{"rendered":"Geruch"},"content":{"rendered":"<div id=\"attachment_128\" style=\"width: 240px\" class=\"wp-caption alignright\"><img aria-describedby=\"caption-attachment-128\" loading=\"lazy\" class=\"wp-image-128 size-medium\" src=\"http:\/\/www.sv-gutsche.at\/wp-content\/uploads\/2014\/04\/luftschadstoffe-230x300.gif\" alt=\"luftschadstoffe\" width=\"230\" height=\"300\" \/><p id=\"caption-attachment-128\" class=\"wp-caption-text\">Ausbreitung Geruchsbelastung<\/p><\/div>\n<p>F\u00fcr die Ermittlung der Geruchsimmissionen<br \/>\naus gewerblichen und industriellen Anlagen sowie Wohnnutzung in der N\u00e4he landwirtschaftlicher Betriebe wenden wir unterschiedliche Verfahren an:<\/p>\n<ul>\n<li>Absch\u00e4tzendes Verfahren gem\u00e4\u00df einer Vorgehensweise des Bundesministeriums Abstandsregelungen nach den geltenden \u00f6sterreichischen Vorschriften<\/li>\n<li>Geruchsimmissions-Richtlinie GIRL<\/li>\n<li>Abstandsermittlung f\u00fcr landwirtschaftliche Betriebe gem\u00e4\u00df VDI-Richtlinien und Geruchsausbreitungsberechnungen mit AUSTAL 2000 Simulationen der Schadstoffausbreitung unter Ber\u00fccksichtigung von meteorologischen Daten<\/li>\n<li>Abstandsermittlung f\u00fcr landwirtschaftliche Betriebe und Bestimmung der Geruchsh\u00e4ufigkeit<\/li>\n<\/ul>\n","protected":false},"excerpt":{"rendered":"<p>F\u00fcr die Ermittlung der Geruchsimmissionen aus gewerblichen und industriellen Anlagen sowie Wohnnutzung in der N\u00e4he landwirtschaftlicher Betriebe wenden wir unterschiedliche Verfahren an: Absch\u00e4tzendes Verfahren gem\u00e4\u00df einer Vorgehensweise des Bundesministeriums Abstandsregelungen nach den geltenden \u00f6sterreichischen Vorschriften Geruchsimmissions-Richtlinie GIRL Abstandsermittlung f\u00fcr landwirtschaftliche &hellip; <a href=\"http:\/\/www.sv-gutsche.at\/?page_id=126\">Weiterlesen <span class=\"meta-nav\">&rarr;<\/span><\/a><\/p>\n","protected":false},"author":3,"featured_media":0,"parent":46,"menu_order":40,"comment_status":"open","ping_status":"open","template":"","meta":[],"_links":{"self":[{"href":"http:\/\/www.sv-gutsche.at\/index.php?rest_route=\/wp\/v2\/pages\/126"}],"collection":[{"href":"http:\/\/www.sv-gutsche.at\/index.php?rest_route=\/wp\/v2\/pages"}],"about":[{"href":"http:\/\/www.sv-gutsche.at\/index.php?rest_route=\/wp\/v2\/types\/page"}],"author":[{"embeddable":true,"href":"http:\/\/www.sv-gutsche.at\/index.php?rest_route=\/wp\/v2\/users\/3"}],"replies":[{"embeddable":true,"href":"http:\/\/www.sv-gutsche.at\/index.php?rest_route=%2Fwp%2Fv2%2Fcomments&post=126"}],"version-history":[{"count":6,"href":"http:\/\/www.sv-gutsche.at\/index.php?rest_route=\/wp\/v2\/pages\/126\/revisions"}],"predecessor-version":[{"id":177,"href":"http:\/\/www.sv-gutsche.at\/index.php?rest_route=\/wp\/v2\/pages\/126\/revisions\/177"}],"up":[{"embeddable":true,"href":"http:\/\/www.sv-gutsche.at\/index.php?rest_route=\/wp\/v2\/pages\/46"}],"wp:attachment":[{"href":"http:\/\/www.sv-gutsche.at\/index.php?rest_route=%2Fwp%2Fv2%2Fmedia&parent=126"}],"curies":[{"name":"wp","href":"https:\/\/api.w.org\/{rel}","templated":true}]}}