{"id":30,"date":"2012-10-01T08:40:05","date_gmt":"2012-10-01T06:40:05","guid":{"rendered":"http:\/\/www.sv-gutsche.at\/?page_id=30"},"modified":"2014-06-24T08:39:46","modified_gmt":"2014-06-24T06:39:46","slug":"luftschadstoffe","status":"publish","type":"page","link":"http:\/\/www.sv-gutsche.at\/?page_id=30","title":{"rendered":"Luftschadstoffe"},"content":{"rendered":"<div id=\"attachment_86\" style=\"width: 310px\" class=\"wp-caption alignright\"><img aria-describedby=\"caption-attachment-86\" loading=\"lazy\" class=\"size-medium wp-image-86\" src=\"http:\/\/www.sv-gutsche.at\/wp-content\/uploads\/2012\/10\/IMMI_Raster_03-300x225.jpg\" alt=\"Ausbreitung Luftschadstoffe\" width=\"300\" height=\"225\" srcset=\"http:\/\/www.sv-gutsche.at\/wp-content\/uploads\/2012\/10\/IMMI_Raster_03-300x225.jpg 300w, http:\/\/www.sv-gutsche.at\/wp-content\/uploads\/2012\/10\/IMMI_Raster_03-1024x768.jpg 1024w, http:\/\/www.sv-gutsche.at\/wp-content\/uploads\/2012\/10\/IMMI_Raster_03-400x300.jpg 400w, http:\/\/www.sv-gutsche.at\/wp-content\/uploads\/2012\/10\/IMMI_Raster_03.jpg 1600w\" sizes=\"(max-width: 300px) 100vw, 300px\" \/><p id=\"caption-attachment-86\" class=\"wp-caption-text\">Ausbreitung Luftschadstoffe<\/p><\/div>\n<p><strong>BERECHNUNG und SIMULATION<\/strong><\/p>\n<div dir=\"ltr\" data-angle=\"0\" data-font-name=\"g_font_294_0\" data-canvas-width=\"92.22076011180877\">Mit Berechnungen, Simulationen wird die Luftschadstoffbelastung ermittelt und die Wirksamkeit von Ma\u00dfnahmen untersucht.<\/div>\n<div dir=\"ltr\" data-angle=\"0\" data-font-name=\"g_font_294_0\" data-canvas-width=\"464.2317197995187\">F\u00fcr Luftschadstoffuntersuchungen wenden wir folgende Verfahren an:<\/div>\n<ul>\n<li>Immissionsberechnungen mit gau\u00dfschem Ausbreitungsmodell gem\u00e4\u00df IG-L mit AUSTAL 2000<\/li>\n<li>Simulationsberechnung nach ADAS<\/li>\n<li>Ausbreitungsmodellierung von Luftschadstoffen nach GRAL<\/li>\n<li>Beurteilung der Vor-, Zusatz- und Gesamtbelastungen<\/li>\n<\/ul>\n<p>&nbsp;<\/p>\n","protected":false},"excerpt":{"rendered":"<p>BERECHNUNG und SIMULATION Mit Berechnungen, Simulationen wird die Luftschadstoffbelastung ermittelt und die Wirksamkeit von Ma\u00dfnahmen untersucht. F\u00fcr Luftschadstoffuntersuchungen wenden wir folgende Verfahren an: Immissionsberechnungen mit gau\u00dfschem Ausbreitungsmodell gem\u00e4\u00df IG-L mit AUSTAL 2000 Simulationsberechnung nach ADAS Ausbreitungsmodellierung von Luftschadstoffen nach GRAL &hellip; <a href=\"http:\/\/www.sv-gutsche.at\/?page_id=30\">Weiterlesen <span class=\"meta-nav\">&rarr;<\/span><\/a><\/p>\n","protected":false},"author":2,"featured_media":0,"parent":46,"menu_order":30,"comment_status":"open","ping_status":"open","template":"","meta":[],"_links":{"self":[{"href":"http:\/\/www.sv-gutsche.at\/index.php?rest_route=\/wp\/v2\/pages\/30"}],"collection":[{"href":"http:\/\/www.sv-gutsche.at\/index.php?rest_route=\/wp\/v2\/pages"}],"about":[{"href":"http:\/\/www.sv-gutsche.at\/index.php?rest_route=\/wp\/v2\/types\/page"}],"author":[{"embeddable":true,"href":"http:\/\/www.sv-gutsche.at\/index.php?rest_route=\/wp\/v2\/users\/2"}],"replies":[{"embeddable":true,"href":"http:\/\/www.sv-gutsche.at\/index.php?rest_route=%2Fwp%2Fv2%2Fcomments&post=30"}],"version-history":[{"count":8,"href":"http:\/\/www.sv-gutsche.at\/index.php?rest_route=\/wp\/v2\/pages\/30\/revisions"}],"predecessor-version":[{"id":166,"href":"http:\/\/www.sv-gutsche.at\/index.php?rest_route=\/wp\/v2\/pages\/30\/revisions\/166"}],"up":[{"embeddable":true,"href":"http:\/\/www.sv-gutsche.at\/index.php?rest_route=\/wp\/v2\/pages\/46"}],"wp:attachment":[{"href":"http:\/\/www.sv-gutsche.at\/index.php?rest_route=%2Fwp%2Fv2%2Fmedia&parent=30"}],"curies":[{"name":"wp","href":"https:\/\/api.w.org\/{rel}","templated":true}]}}