{"id":33,"date":"2012-10-01T08:41:57","date_gmt":"2012-10-01T06:41:57","guid":{"rendered":"http:\/\/www.sv-gutsche.at\/?page_id=33"},"modified":"2014-06-24T08:46:45","modified_gmt":"2014-06-24T06:46:45","slug":"bauphysik","status":"publish","type":"page","link":"http:\/\/www.sv-gutsche.at\/?page_id=33","title":{"rendered":"Bauphysik"},"content":{"rendered":"<p><img loading=\"lazy\" class=\"alignright size-medium wp-image-158\" src=\"http:\/\/www.sv-gutsche.at\/wp-content\/uploads\/2012\/10\/akkustik-300x281.jpg\" alt=\"akkustik\" width=\"300\" height=\"281\" srcset=\"http:\/\/www.sv-gutsche.at\/wp-content\/uploads\/2012\/10\/akkustik-300x281.jpg 300w, http:\/\/www.sv-gutsche.at\/wp-content\/uploads\/2012\/10\/akkustik-319x300.jpg 319w, http:\/\/www.sv-gutsche.at\/wp-content\/uploads\/2012\/10\/akkustik.jpg 516w\" sizes=\"(max-width: 300px) 100vw, 300px\" \/><strong>BAUAKUSTIK<\/strong><\/p>\n<ul>\n<li>Bauakustische Bestandsaufnahme und Nachweisberechnungen<\/li>\n<li>Festlegung bauakustischer Anforderungen und Begutachtung<\/li>\n<li>Bauakustische Gu\u0308tepru\u0308fungen (Luftschall, Trittschall, Installationsger\u00e4usche)<\/li>\n<li>Beratung und Planung zu Schallschutzma\u00dfnahmen<\/li>\n<li>baubegleitende Qualit\u00e4tssicherung<\/li>\n<\/ul>\n<p><strong>RAUMAKUSTIK<\/strong><\/p>\n<ul>\n<li>Raumakustische Beratung \/ Planung<\/li>\n<li>Messung und Bestimmung raumakustischer Parameter<\/li>\n<\/ul>\n<hr \/>\n<p><img loading=\"lazy\" class=\"alignright size-full wp-image-161\" src=\"http:\/\/www.sv-gutsche.at\/wp-content\/uploads\/2012\/10\/bauphysik1.jpg\" alt=\"bauphysik\" width=\"300\" height=\"250\" \/><strong>THERMISCHE BAUPHYSIK<\/strong><\/p>\n<ul>\n<li>thermische hygrische Simulationen mittels ANTHERM (2D und 3D)<\/li>\n<li>Erstellung von Energieausweisen<\/li>\n<li>Beurteilung des Tauwasser- und Schimmelrisikos von Bauteilen<\/li>\n<li>Planung von Ma\u00dfnahmen zum sommerlichen W\u00e4rmeschutz<\/li>\n<li>Infrarot-Thermographie: Messungen zur Fehlersuche und Abnahme<\/li>\n<li>Feststellen der Luftdichtheit eines Geb\u00e4udes (Blower-Door Tests)<\/li>\n<\/ul>\n","protected":false},"excerpt":{"rendered":"<p>BAUAKUSTIK Bauakustische Bestandsaufnahme und Nachweisberechnungen Festlegung bauakustischer Anforderungen und Begutachtung Bauakustische Gu\u0308tepru\u0308fungen (Luftschall, Trittschall, Installationsger\u00e4usche) Beratung und Planung zu Schallschutzma\u00dfnahmen baubegleitende Qualit\u00e4tssicherung RAUMAKUSTIK Raumakustische Beratung \/ Planung Messung und Bestimmung raumakustischer Parameter THERMISCHE BAUPHYSIK thermische hygrische Simulationen mittels ANTHERM (2D &hellip; <a href=\"http:\/\/www.sv-gutsche.at\/?page_id=33\">Weiterlesen <span class=\"meta-nav\">&rarr;<\/span><\/a><\/p>\n","protected":false},"author":2,"featured_media":0,"parent":46,"menu_order":70,"comment_status":"open","ping_status":"open","template":"","meta":[],"_links":{"self":[{"href":"http:\/\/www.sv-gutsche.at\/index.php?rest_route=\/wp\/v2\/pages\/33"}],"collection":[{"href":"http:\/\/www.sv-gutsche.at\/index.php?rest_route=\/wp\/v2\/pages"}],"about":[{"href":"http:\/\/www.sv-gutsche.at\/index.php?rest_route=\/wp\/v2\/types\/page"}],"author":[{"embeddable":true,"href":"http:\/\/www.sv-gutsche.at\/index.php?rest_route=\/wp\/v2\/users\/2"}],"replies":[{"embeddable":true,"href":"http:\/\/www.sv-gutsche.at\/index.php?rest_route=%2Fwp%2Fv2%2Fcomments&post=33"}],"version-history":[{"count":12,"href":"http:\/\/www.sv-gutsche.at\/index.php?rest_route=\/wp\/v2\/pages\/33\/revisions"}],"predecessor-version":[{"id":171,"href":"http:\/\/www.sv-gutsche.at\/index.php?rest_route=\/wp\/v2\/pages\/33\/revisions\/171"}],"up":[{"embeddable":true,"href":"http:\/\/www.sv-gutsche.at\/index.php?rest_route=\/wp\/v2\/pages\/46"}],"wp:attachment":[{"href":"http:\/\/www.sv-gutsche.at\/index.php?rest_route=%2Fwp%2Fv2%2Fmedia&parent=33"}],"curies":[{"name":"wp","href":"https:\/\/api.w.org\/{rel}","templated":true}]}}