{"id":36,"date":"2012-10-01T08:45:40","date_gmt":"2012-10-01T06:45:40","guid":{"rendered":"http:\/\/www.sv-gutsche.at\/?page_id=36"},"modified":"2014-06-25T14:25:10","modified_gmt":"2014-06-25T12:25:10","slug":"gutachtenkonzepte","status":"publish","type":"page","link":"http:\/\/www.sv-gutsche.at\/?page_id=36","title":{"rendered":"Gutachten\/Konzepte"},"content":{"rendered":"<p><strong>GUTACHTEN<\/strong><br \/>\nHerr Ing. MMag. Hans-J\u00fcrgen Gutsche ist seit 2002 in die Liste der allgemein gerichtlich zertifizierten Sachverst\u00e4ndigen f\u00fcr die Gebiete Schallausbreitung und Luftschadstoffe eingetragen. In dieser Zeit wurden eine Vielzahl von Gutachten, sowohl f\u00fcr private Auftraggeber, als auch f\u00fcr Gericht durchgef\u00fchrt. Der Schwerpunkt der Gutachtert\u00e4tigkeit liegt insbesondere in den Bereichen Schallausbreitung, Schallpegelmessungen sowie Emission und Immission von Luftschadstoff und Geruchsausbreitung.<\/p>\n<p><strong><img loading=\"lazy\" class=\"alignright size-medium wp-image-101\" src=\"http:\/\/www.sv-gutsche.at\/wp-content\/uploads\/2012\/10\/Risikoanalyse-300x224.png\" alt=\"Risikoanalyse\" width=\"300\" height=\"224\" srcset=\"http:\/\/www.sv-gutsche.at\/wp-content\/uploads\/2012\/10\/Risikoanalyse-300x224.png 300w, http:\/\/www.sv-gutsche.at\/wp-content\/uploads\/2012\/10\/Risikoanalyse.png 310w\" sizes=\"(max-width: 300px) 100vw, 300px\" \/>SICHERHEITSKONZEPTE<\/strong><\/p>\n<ul>\n<li>Gem\u00e4\u00df Veranstaltungsgesetzen (Sicherheitsbericht)<\/li>\n<li>Risikoanalyse gem\u00e4\u00df B\u00e4derhygienegesetz<\/li>\n<\/ul>\n<p><strong>BRANDSCHUTZGUTACHTEN<\/strong><\/p>\n<ul>\n<li>Erstellung von <a title=\"Brandschutz\" href=\"http:\/\/www.sv-gutsche.at\/produkte-und-dienstleistungen\/brandschutz\/\">Brandschutzkonzepten <\/a>nach OIB &#8211; Richtlinie 2 und TRVB<\/li>\n<\/ul>\n","protected":false},"excerpt":{"rendered":"<p>GUTACHTEN Herr Ing. MMag. Hans-J\u00fcrgen Gutsche ist seit 2002 in die Liste der allgemein gerichtlich zertifizierten Sachverst\u00e4ndigen f\u00fcr die Gebiete Schallausbreitung und Luftschadstoffe eingetragen. In dieser Zeit wurden eine Vielzahl von Gutachten, sowohl f\u00fcr private Auftraggeber, als auch f\u00fcr Gericht &hellip; <a href=\"http:\/\/www.sv-gutsche.at\/?page_id=36\">Weiterlesen <span class=\"meta-nav\">&rarr;<\/span><\/a><\/p>\n","protected":false},"author":2,"featured_media":0,"parent":46,"menu_order":90,"comment_status":"open","ping_status":"open","template":"","meta":[],"_links":{"self":[{"href":"http:\/\/www.sv-gutsche.at\/index.php?rest_route=\/wp\/v2\/pages\/36"}],"collection":[{"href":"http:\/\/www.sv-gutsche.at\/index.php?rest_route=\/wp\/v2\/pages"}],"about":[{"href":"http:\/\/www.sv-gutsche.at\/index.php?rest_route=\/wp\/v2\/types\/page"}],"author":[{"embeddable":true,"href":"http:\/\/www.sv-gutsche.at\/index.php?rest_route=\/wp\/v2\/users\/2"}],"replies":[{"embeddable":true,"href":"http:\/\/www.sv-gutsche.at\/index.php?rest_route=%2Fwp%2Fv2%2Fcomments&post=36"}],"version-history":[{"count":13,"href":"http:\/\/www.sv-gutsche.at\/index.php?rest_route=\/wp\/v2\/pages\/36\/revisions"}],"predecessor-version":[{"id":176,"href":"http:\/\/www.sv-gutsche.at\/index.php?rest_route=\/wp\/v2\/pages\/36\/revisions\/176"}],"up":[{"embeddable":true,"href":"http:\/\/www.sv-gutsche.at\/index.php?rest_route=\/wp\/v2\/pages\/46"}],"wp:attachment":[{"href":"http:\/\/www.sv-gutsche.at\/index.php?rest_route=%2Fwp%2Fv2%2Fmedia&parent=36"}],"curies":[{"name":"wp","href":"https:\/\/api.w.org\/{rel}","templated":true}]}}