{"id":40,"date":"2012-10-01T08:47:12","date_gmt":"2012-10-01T06:47:12","guid":{"rendered":"http:\/\/www.sv-gutsche.at\/?page_id=40"},"modified":"2014-05-05T09:44:00","modified_gmt":"2014-05-05T07:44:00","slug":"impressum","status":"publish","type":"page","link":"http:\/\/www.sv-gutsche.at\/?page_id=40","title":{"rendered":"Impressum"},"content":{"rendered":"<table style=\"border: none;\">\n<tbody>\n<tr style=\"border: none;\">\n<td style=\"vertical-align: top; border: none;\"><img loading=\"lazy\" class=\"size-medium wp-image-43 alignleft\" title=\"SV Gerichtssachverst\u00e4ndige\" alt=\"SV Gerichtssachverst\u00e4ndige\" src=\"http:\/\/www.sv-gutsche.at\/wp-content\/uploads\/2012\/10\/logo_sv-138x300.png\" width=\"138\" height=\"300\" srcset=\"http:\/\/www.sv-gutsche.at\/wp-content\/uploads\/2012\/10\/logo_sv-138x300.png 138w, http:\/\/www.sv-gutsche.at\/wp-content\/uploads\/2012\/10\/logo_sv.png 150w\" sizes=\"(max-width: 138px) 100vw, 138px\" \/><\/td>\n<td style=\"vertical-align: top; border: none;\">SV GUTSCHE GmbH<br \/>\n<strong>Sachverst\u00e4ndigenb\u00fcro f\u00fcr<br \/>\nBau- und Gewerbeverfahren<\/strong><\/p>\n<p>Th.-K\u00f6rnerstra\u00dfe 20<br \/>\nA &#8211; 9065 Ebental<br \/>\nTel: +43 664 56 54 216<br \/>\nE-Mail: <a href=\"mailto:office@sv-gutsche.at\">office@sv-gutsche.at<\/a><br \/>\nWeb: <a href=\"http:\/\/www.sv-gutsche.at\">www.sv-gutsche.at<\/a><\/p>\n<p>Nebenstelle:<br \/>\nLazarettgasse 5<br \/>\nA &#8211; 1007 Wien<\/td>\n<td style=\"vertical-align: top; border: none;\"><img loading=\"lazy\" class=\"alignnone size-full wp-image-152\" alt=\"wko\" src=\"http:\/\/www.sv-gutsche.at\/wp-content\/uploads\/2012\/10\/wko.jpg\" width=\"150\" height=\"168\" \/><\/td>\n<\/tr>\n<\/tbody>\n<\/table>\n","protected":false},"excerpt":{"rendered":"<p>SV GUTSCHE GmbH Sachverst\u00e4ndigenb\u00fcro f\u00fcr Bau- und Gewerbeverfahren Th.-K\u00f6rnerstra\u00dfe 20 A &#8211; 9065 Ebental Tel: +43 664 56 54 216 E-Mail: office@sv-gutsche.at Web: www.sv-gutsche.at Nebenstelle: Lazarettgasse 5 A &#8211; 1007 Wien<\/p>\n","protected":false},"author":2,"featured_media":0,"parent":0,"menu_order":40,"comment_status":"open","ping_status":"open","template":"","meta":[],"_links":{"self":[{"href":"http:\/\/www.sv-gutsche.at\/index.php?rest_route=\/wp\/v2\/pages\/40"}],"collection":[{"href":"http:\/\/www.sv-gutsche.at\/index.php?rest_route=\/wp\/v2\/pages"}],"about":[{"href":"http:\/\/www.sv-gutsche.at\/index.php?rest_route=\/wp\/v2\/types\/page"}],"author":[{"embeddable":true,"href":"http:\/\/www.sv-gutsche.at\/index.php?rest_route=\/wp\/v2\/users\/2"}],"replies":[{"embeddable":true,"href":"http:\/\/www.sv-gutsche.at\/index.php?rest_route=%2Fwp%2Fv2%2Fcomments&post=40"}],"version-history":[{"count":15,"href":"http:\/\/www.sv-gutsche.at\/index.php?rest_route=\/wp\/v2\/pages\/40\/revisions"}],"predecessor-version":[{"id":106,"href":"http:\/\/www.sv-gutsche.at\/index.php?rest_route=\/wp\/v2\/pages\/40\/revisions\/106"}],"wp:attachment":[{"href":"http:\/\/www.sv-gutsche.at\/index.php?rest_route=%2Fwp%2Fv2%2Fmedia&parent=40"}],"curies":[{"name":"wp","href":"https:\/\/api.w.org\/{rel}","templated":true}]}}