{"id":46,"date":"2012-10-01T09:07:08","date_gmt":"2012-10-01T07:07:08","guid":{"rendered":"http:\/\/www.sv-gutsche.at\/?page_id=46"},"modified":"2014-09-14T22:08:07","modified_gmt":"2014-09-14T20:08:07","slug":"produkte-und-dienstleistungen","status":"publish","type":"page","link":"http:\/\/www.sv-gutsche.at\/?page_id=46","title":{"rendered":"Produkte\/Dienstleistungen"},"content":{"rendered":"<p>Finden Sie hier eine \u00dcbersicht \u00fcber meine Angebote in den Bereichen:<\/p>\n<ul>\n<li><a title=\"Brandschutz\" href=\"http:\/\/www.sv-gutsche.at\/?page_id=74\">Brandschutz<\/a><\/li>\n<li><a title=\"Schallschutz\" href=\"http:\/\/www.sv-gutsche.at\/?page_id=48\">Schallschutz<\/a><\/li>\n<li><a title=\"Luftschadstoffe\" href=\"http:\/\/www.sv-gutsche.at\/?page_id=30\">Luftschadstoffe<\/a><\/li>\n<li><a title=\"Geruch\" href=\"http:\/\/www.sv-gutsche.at\/?page_id=126\">Geruch<\/a><\/li>\n<li><a title=\"Bauphysik\" href=\"http:\/\/www.sv-gutsche.at\/?page_id=33\">Bauphysik<\/a><\/li>\n<li><a title=\"Beh\u00f6rdenverfahren\" href=\"http:\/\/www.sv-gutsche.at\/?page_id=50\">Beh\u00f6rdenverfahren<\/a><\/li>\n<li><a title=\"Gutachten\/Konzepte\" href=\"http:\/\/www.sv-gutsche.at\/?page_id=36\">Gutachten\/Konzepte<\/a><\/li>\n<\/ul>\n","protected":false},"excerpt":{"rendered":"<p>Finden Sie hier eine \u00dcbersicht \u00fcber meine Angebote in den Bereichen: Brandschutz Schallschutz Luftschadstoffe Geruch Bauphysik Beh\u00f6rdenverfahren Gutachten\/Konzepte<\/p>\n","protected":false},"author":2,"featured_media":0,"parent":0,"menu_order":10,"comment_status":"open","ping_status":"open","template":"","meta":[],"_links":{"self":[{"href":"http:\/\/www.sv-gutsche.at\/index.php?rest_route=\/wp\/v2\/pages\/46"}],"collection":[{"href":"http:\/\/www.sv-gutsche.at\/index.php?rest_route=\/wp\/v2\/pages"}],"about":[{"href":"http:\/\/www.sv-gutsche.at\/index.php?rest_route=\/wp\/v2\/types\/page"}],"author":[{"embeddable":true,"href":"http:\/\/www.sv-gutsche.at\/index.php?rest_route=\/wp\/v2\/users\/2"}],"replies":[{"embeddable":true,"href":"http:\/\/www.sv-gutsche.at\/index.php?rest_route=%2Fwp%2Fv2%2Fcomments&post=46"}],"version-history":[{"count":8,"href":"http:\/\/www.sv-gutsche.at\/index.php?rest_route=\/wp\/v2\/pages\/46\/revisions"}],"predecessor-version":[{"id":180,"href":"http:\/\/www.sv-gutsche.at\/index.php?rest_route=\/wp\/v2\/pages\/46\/revisions\/180"}],"wp:attachment":[{"href":"http:\/\/www.sv-gutsche.at\/index.php?rest_route=%2Fwp%2Fv2%2Fmedia&parent=46"}],"curies":[{"name":"wp","href":"https:\/\/api.w.org\/{rel}","templated":true}]}}