{"id":48,"date":"2012-10-01T09:07:38","date_gmt":"2012-10-01T07:07:38","guid":{"rendered":"http:\/\/www.sv-gutsche.at\/?page_id=48"},"modified":"2014-06-24T08:36:39","modified_gmt":"2014-06-24T06:36:39","slug":"schallschutz","status":"publish","type":"page","link":"http:\/\/www.sv-gutsche.at\/?page_id=48","title":{"rendered":"Schallschutz"},"content":{"rendered":"<div id=\"attachment_76\" style=\"width: 310px\" class=\"wp-caption alignright\"><img aria-describedby=\"caption-attachment-76\" loading=\"lazy\" class=\"size-medium wp-image-76 \" src=\"http:\/\/www.sv-gutsche.at\/wp-content\/uploads\/2012\/10\/3D-Raster-01-300x246.jpg\" alt=\"Schallausbreitung\" width=\"300\" height=\"246\" srcset=\"http:\/\/www.sv-gutsche.at\/wp-content\/uploads\/2012\/10\/3D-Raster-01-300x246.jpg 300w, http:\/\/www.sv-gutsche.at\/wp-content\/uploads\/2012\/10\/3D-Raster-01-365x300.jpg 365w, http:\/\/www.sv-gutsche.at\/wp-content\/uploads\/2012\/10\/3D-Raster-01.jpg 674w\" sizes=\"(max-width: 300px) 100vw, 300px\" \/><p id=\"caption-attachment-76\" class=\"wp-caption-text\">Schallausbreitung im Wohngebiet<\/p><\/div>\n<p><strong>SCHALLAUSBREITUNG<\/strong>:<br \/>\n<strong>BERECHNUNG und SIMULATION<\/strong><\/p>\n<ul>\n<li>Immissionsprognosen fu\u0308r Verkehrs-, Industrie- und Gewerbeanlagen, Baul\u00e4rm sowie Freizeit-, Sport- und Schie\u00dfanlagen<\/li>\n<li>Planung und Bemessung aktiver und passiver Schallschutzma\u00dfnahmen, Nachweis der Einhaltung von Grenzwerten fu\u0308r Schallschutz<\/li>\n<li>Beurteilung von Fl\u00e4chennutzungs- und Bebauungspl\u00e4nen<\/li>\n<\/ul>\n<p><strong>SCHALLMESSUNGEN<\/strong><\/p>\n<ul>\n<li>Begutachtung von immissionsschutzrechtlichen Problemstellungen (Privat- und Gerichtsgutachten)<\/li>\n<li>Messung von Ger\u00e4uschemissionen und -immissionen; Ermittlung akustischer Kenndaten von L\u00e4rmschutz am Arbeitsplatz<\/li>\n<li>Kurz- und Langzeitschallmessungen zur Beweissicherung<\/li>\n<\/ul>\n<p>&nbsp;<\/p>\n","protected":false},"excerpt":{"rendered":"<p>SCHALLAUSBREITUNG: BERECHNUNG und SIMULATION Immissionsprognosen fu\u0308r Verkehrs-, Industrie- und Gewerbeanlagen, Baul\u00e4rm sowie Freizeit-, Sport- und Schie\u00dfanlagen Planung und Bemessung aktiver und passiver Schallschutzma\u00dfnahmen, Nachweis der Einhaltung von Grenzwerten fu\u0308r Schallschutz Beurteilung von Fl\u00e4chennutzungs- und Bebauungspl\u00e4nen SCHALLMESSUNGEN Begutachtung von immissionsschutzrechtlichen Problemstellungen &hellip; <a href=\"http:\/\/www.sv-gutsche.at\/?page_id=48\">Weiterlesen <span class=\"meta-nav\">&rarr;<\/span><\/a><\/p>\n","protected":false},"author":2,"featured_media":0,"parent":46,"menu_order":20,"comment_status":"open","ping_status":"open","template":"","meta":[],"_links":{"self":[{"href":"http:\/\/www.sv-gutsche.at\/index.php?rest_route=\/wp\/v2\/pages\/48"}],"collection":[{"href":"http:\/\/www.sv-gutsche.at\/index.php?rest_route=\/wp\/v2\/pages"}],"about":[{"href":"http:\/\/www.sv-gutsche.at\/index.php?rest_route=\/wp\/v2\/types\/page"}],"author":[{"embeddable":true,"href":"http:\/\/www.sv-gutsche.at\/index.php?rest_route=\/wp\/v2\/users\/2"}],"replies":[{"embeddable":true,"href":"http:\/\/www.sv-gutsche.at\/index.php?rest_route=%2Fwp%2Fv2%2Fcomments&post=48"}],"version-history":[{"count":9,"href":"http:\/\/www.sv-gutsche.at\/index.php?rest_route=\/wp\/v2\/pages\/48\/revisions"}],"predecessor-version":[{"id":164,"href":"http:\/\/www.sv-gutsche.at\/index.php?rest_route=\/wp\/v2\/pages\/48\/revisions\/164"}],"up":[{"embeddable":true,"href":"http:\/\/www.sv-gutsche.at\/index.php?rest_route=\/wp\/v2\/pages\/46"}],"wp:attachment":[{"href":"http:\/\/www.sv-gutsche.at\/index.php?rest_route=%2Fwp%2Fv2%2Fmedia&parent=48"}],"curies":[{"name":"wp","href":"https:\/\/api.w.org\/{rel}","templated":true}]}}