{"id":50,"date":"2012-10-01T09:08:03","date_gmt":"2012-10-01T07:08:03","guid":{"rendered":"http:\/\/www.sv-gutsche.at\/?page_id=50"},"modified":"2014-06-24T08:47:42","modified_gmt":"2014-06-24T06:47:42","slug":"behordenverfahren","status":"publish","type":"page","link":"http:\/\/www.sv-gutsche.at\/?page_id=50","title":{"rendered":"Beh\u00f6rdenverfahren"},"content":{"rendered":"<p><img loading=\"lazy\" class=\"alignright size-full wp-image-145\" src=\"http:\/\/www.sv-gutsche.at\/wp-content\/uploads\/2012\/10\/recht.jpg\" alt=\"recht\" width=\"85\" height=\"99\" \/><strong>EINREICHUNGEN fu\u0308r BAU\u2013 und GEWERBEVERFAHREN<\/strong><\/p>\n<ul>\n<li>Abwicklung des Betriebsanlagen- genehmigungsverfahrens gem\u00e4\u00df GewO<\/li>\n<li>Beh\u00f6rdenvorbesprechungen und Antragstellung mit erforderlichen Unterlagen<\/li>\n<li>Erstellung von betriebstypologischen Gutachten im Widmungsverfahren<\/li>\n<li>Standortbewertung von Betrieben bei der Betriebsansiedlung in Zusammenarbeit mit Gemeindeverb\u00e4nden und Beh\u00f6rden<\/li>\n<\/ul>\n<p><img loading=\"lazy\" class=\"alignright size-medium wp-image-79\" src=\"http:\/\/www.sv-gutsche.at\/wp-content\/uploads\/2012\/10\/handshake1-300x197.jpg\" alt=\"handshake1\" width=\"300\" height=\"197\" srcset=\"http:\/\/www.sv-gutsche.at\/wp-content\/uploads\/2012\/10\/handshake1-300x197.jpg 300w, http:\/\/www.sv-gutsche.at\/wp-content\/uploads\/2012\/10\/handshake1-455x300.jpg 455w, http:\/\/www.sv-gutsche.at\/wp-content\/uploads\/2012\/10\/handshake1.jpg 480w\" sizes=\"(max-width: 300px) 100vw, 300px\" \/><br \/>\n<strong>\u00dcBERPR\u00dcFUNGEN<\/strong><\/p>\n<ul>\n<li>\u00dcberpr\u00fcfungen von Betriebsanlagen nach \u00a782b der GewO<\/li>\n<li>Pr\u00fcfpflichten gem. ArbeitnehmerInnenschutzgesetz (ASchG)<\/li>\n<li>Unterweisungen von MitarbeiterInnen<\/li>\n<\/ul>\n","protected":false},"excerpt":{"rendered":"<p>EINREICHUNGEN fu\u0308r BAU\u2013 und GEWERBEVERFAHREN Abwicklung des Betriebsanlagen- genehmigungsverfahrens gem\u00e4\u00df GewO Beh\u00f6rdenvorbesprechungen und Antragstellung mit erforderlichen Unterlagen Erstellung von betriebstypologischen Gutachten im Widmungsverfahren Standortbewertung von Betrieben bei der Betriebsansiedlung in Zusammenarbeit mit Gemeindeverb\u00e4nden und Beh\u00f6rden \u00dcBERPR\u00dcFUNGEN \u00dcberpr\u00fcfungen von Betriebsanlagen nach &hellip; <a href=\"http:\/\/www.sv-gutsche.at\/?page_id=50\">Weiterlesen <span class=\"meta-nav\">&rarr;<\/span><\/a><\/p>\n","protected":false},"author":2,"featured_media":0,"parent":46,"menu_order":80,"comment_status":"open","ping_status":"open","template":"","meta":[],"_links":{"self":[{"href":"http:\/\/www.sv-gutsche.at\/index.php?rest_route=\/wp\/v2\/pages\/50"}],"collection":[{"href":"http:\/\/www.sv-gutsche.at\/index.php?rest_route=\/wp\/v2\/pages"}],"about":[{"href":"http:\/\/www.sv-gutsche.at\/index.php?rest_route=\/wp\/v2\/types\/page"}],"author":[{"embeddable":true,"href":"http:\/\/www.sv-gutsche.at\/index.php?rest_route=\/wp\/v2\/users\/2"}],"replies":[{"embeddable":true,"href":"http:\/\/www.sv-gutsche.at\/index.php?rest_route=%2Fwp%2Fv2%2Fcomments&post=50"}],"version-history":[{"count":11,"href":"http:\/\/www.sv-gutsche.at\/index.php?rest_route=\/wp\/v2\/pages\/50\/revisions"}],"predecessor-version":[{"id":172,"href":"http:\/\/www.sv-gutsche.at\/index.php?rest_route=\/wp\/v2\/pages\/50\/revisions\/172"}],"up":[{"embeddable":true,"href":"http:\/\/www.sv-gutsche.at\/index.php?rest_route=\/wp\/v2\/pages\/46"}],"wp:attachment":[{"href":"http:\/\/www.sv-gutsche.at\/index.php?rest_route=%2Fwp%2Fv2%2Fmedia&parent=50"}],"curies":[{"name":"wp","href":"https:\/\/api.w.org\/{rel}","templated":true}]}}