{"id":59,"date":"2012-10-03T08:30:33","date_gmt":"2012-10-03T06:30:33","guid":{"rendered":"http:\/\/www.sv-gutsche.at\/?page_id=59"},"modified":"2014-04-16T10:38:14","modified_gmt":"2014-04-16T08:38:14","slug":"projekte","status":"publish","type":"page","link":"http:\/\/www.sv-gutsche.at\/?page_id=59","title":{"rendered":"Referenzen"},"content":{"rendered":"<p>Wir haben Projekte in den folgenden Bereichen durchgef\u00fchrt und k\u00f6nnen Ihnen auf Anfrage gerne entsprechende <a href=\"mailto:office@sv-tu.at\">Referenzen <\/a>\u00fcbermitteln.<\/p>\n<ul>\n<li>Industrie \/ Gewerbe<\/li>\n<li>Wohnbau \/ Hotels<\/li>\n<li>Landwirtschaft<\/li>\n<li>Freizeit \/ Tourismus<\/li>\n<li>Sonstige Projekte<\/li>\n<\/ul>\n","protected":false},"excerpt":{"rendered":"<p>Wir haben Projekte in den folgenden Bereichen durchgef\u00fchrt und k\u00f6nnen Ihnen auf Anfrage gerne entsprechende Referenzen \u00fcbermitteln. Industrie \/ Gewerbe Wohnbau \/ Hotels Landwirtschaft Freizeit \/ Tourismus Sonstige Projekte<\/p>\n","protected":false},"author":2,"featured_media":0,"parent":0,"menu_order":25,"comment_status":"open","ping_status":"open","template":"","meta":[],"_links":{"self":[{"href":"http:\/\/www.sv-gutsche.at\/index.php?rest_route=\/wp\/v2\/pages\/59"}],"collection":[{"href":"http:\/\/www.sv-gutsche.at\/index.php?rest_route=\/wp\/v2\/pages"}],"about":[{"href":"http:\/\/www.sv-gutsche.at\/index.php?rest_route=\/wp\/v2\/types\/page"}],"author":[{"embeddable":true,"href":"http:\/\/www.sv-gutsche.at\/index.php?rest_route=\/wp\/v2\/users\/2"}],"replies":[{"embeddable":true,"href":"http:\/\/www.sv-gutsche.at\/index.php?rest_route=%2Fwp%2Fv2%2Fcomments&post=59"}],"version-history":[{"count":7,"href":"http:\/\/www.sv-gutsche.at\/index.php?rest_route=\/wp\/v2\/pages\/59\/revisions"}],"predecessor-version":[{"id":122,"href":"http:\/\/www.sv-gutsche.at\/index.php?rest_route=\/wp\/v2\/pages\/59\/revisions\/122"}],"wp:attachment":[{"href":"http:\/\/www.sv-gutsche.at\/index.php?rest_route=%2Fwp%2Fv2%2Fmedia&parent=59"}],"curies":[{"name":"wp","href":"https:\/\/api.w.org\/{rel}","templated":true}]}}